{"id":222014,"date":"2025-05-05T20:38:14","date_gmt":"2025-05-05T19:38:14","guid":{"rendered":"https:\/\/lifebooks.ch\/dev\/?page_id=222014"},"modified":"2025-05-10T21:38:53","modified_gmt":"2025-05-10T20:38:53","slug":"datenschutz","status":"publish","type":"page","link":"https:\/\/lifebooks.ch\/dev\/datenschutz\/","title":{"rendered":"Datenschutz"},"content":{"rendered":"<p>[et_pb_section fb_built=&#8220;1&#8243; admin_label=&#8220;New Arrival&#8220; _builder_version=&#8220;4.19.0&#8243; background_color=&#8220;#f7f7f7&#8243; locked=&#8220;off&#8220; global_colors_info=&#8220;{}&#8220;][et_pb_row _builder_version=&#8220;4.19.0&#8243; _module_preset=&#8220;default&#8220; global_colors_info=&#8220;{}&#8220;][et_pb_column type=&#8220;4_4&#8243; _builder_version=&#8220;4.19.0&#8243; _module_preset=&#8220;default&#8220; global_colors_info=&#8220;{}&#8220;][et_pb_text _builder_version=&#8220;4.19.0&#8243; _module_preset=&#8220;default&#8220; header_font=&#8220;|700|||||||&#8220; header_text_align=&#8220;center&#8220; header_font_size=&#8220;48px&#8220; global_colors_info=&#8220;{}&#8220;]<\/p>\n<h1>Datenschutz<\/h1>\n<p>[\/et_pb_text][\/et_pb_column][\/et_pb_row][et_pb_row _builder_version=&#8220;4.19.0&#8243; _module_preset=&#8220;default&#8220; global_colors_info=&#8220;{}&#8220;][et_pb_column type=&#8220;4_4&#8243; _builder_version=&#8220;4.19.0&#8243; _module_preset=&#8220;default&#8220; global_colors_info=&#8220;{}&#8220;][et_pb_text _builder_version=&#8220;4.19.0&#8243; _module_preset=&#8220;default&#8220; header_3_font=&#8220;|600||||on|||&#8220; header_3_text_color=&#8220;#7B5D07&#8243; global_colors_info=&#8220;{}&#8220;]<\/p>\n<section>\n<p>F\u00fcr die Sicherheit der Daten\u00fcbertragung im Internet k\u00f6nnen wir keine Gew\u00e4hr \u00fcbernehmen. Unsere Sites sind standardm\u00e4ssig mit dem SSL-Verfahren verschl\u00fcsselt. Es besteht hingegen insbesondere bei der \u00dcbertragung von Daten per E-Mail die Gefahr des Zugriffs durch Dritte.<\/p>\n<p>Die pers\u00f6nlichen Daten, welche Sie bei einer Kontaktaufnahme auf unserer Website eingeben, werden niemandem ausserhalb der Scientology Kirche zur Nutzung oder zur Verf\u00fcgung gestellt. Alle Angaben, die Sie uns geben, erm\u00f6glichen Ihnen eine bequeme und sichere Abwicklung Ihres Anliegens.<\/p>\n<p>Sie haben das Recht, jederzeit nach Ihren pers\u00f6nlichen Daten, die bei uns gespeichert sind, zu fragen und eine L\u00f6schung zu beantragen. Die pers\u00f6nlichen Daten, die wir speichern, werden vertraulich behandelt.<\/p>\n<p>&nbsp;<\/p>\n<\/section>\n<section>\n<h2>Cookies<\/h2>\n<p>Diese Webseite benutzt Cookies. Mit der Benutzung dieser Webseite stimmen Sie damit \u00fcberein, dass auf Ihrem Ger\u00e4t Cookies gespeichert und verarbeitet werden k\u00f6nnen.<\/p>\n<p>&nbsp;<\/p>\n<\/section>\n<section>\n<h2>Google Analytics<\/h2>\n<p>Diese Webseite benutzt Google Analytics (<a href=\"https:\/\/www.google.com\/intl\/de_ALL\/analytics\/index.html\" target=\"_blank\" rel=\"noopener\">www.google.com\/intl\/de_ALL\/analytics\/index.html<\/a>), um das Navigationsverhalten und andere Kennzahlen zu messen.<\/p>\n<p>Mit der Benutzung dieser Webseite stimmen Sie \u00fcberein, dass diese Daten erhoben und gespeichert werden. Diese Daten k\u00f6nnen f\u00fcr Marketing-, Informations- und Werbezwecke und um allgemein mehr Verst\u00e4ndnis \u00fcber die Webseitennutzung zu erhalten, benutzt werden. Mit dem Besuch oder der Benutzung der Webseite stimmen Sie mit der Speicherung und Verwendung dieser Daten \u00fcberein.<\/p>\n<p>Die von Google Analytics erhobenen Daten werden ins Ausland (unter anderem USA) gesendet, verarbeitet und gespeichert und k\u00f6nnen mit anderen Google-Daten verkn\u00fcpft und zusammengef\u00fchrt werden. Die von Google verarbeiteten Daten unterliegen anderen Datenschutzbestimmungen als in der Schweiz und Google kann diese Daten auch an Dritte weitergeben (z.B. Beh\u00f6rden oder Partnerunternehmen).<\/p>\n<p>Durch die Nutzung dieser Website stimmen Sie damit \u00fcberein, dass Google und wir die \u00fcber Google Analytics gesammelten Daten speichern und nutzen k\u00f6nnen.<\/p>\n<p>Unter der Adresse<span>\u00a0<\/span><a href=\"https:\/\/tools.google.com\/dlpage\/gaoptout?hl=de\" target=\"_blank\" rel=\"noopener\">tools.google.com\/dlpage\/gaoptout?hl=de<\/a><span>\u00a0<\/span>k\u00f6nnen Sie einen Add-On (kleines Programm f\u00fcr den Browser) herunterladen, um Google Analytics f\u00fcr Ihren Browser zu deaktivieren.<\/p>\n<p>Personalisierte Google-Werbung im Internet und in der Google Suche k\u00f6nnen Sie unter folgender Adresse einstellen:<span>\u00a0<\/span><a href=\"https:\/\/www.google.com\/ads\/preferences\" target=\"_blank\" rel=\"noopener\">www.google.com\/ads\/preferences<\/a>.<\/p>\n<p>Mehr Informationen zu Google:<span>\u00a0<\/span><a href=\"https:\/\/www.google.ch\/intl\/de\/about\/\" target=\"_blank\" rel=\"noopener\">www.google.ch\/intl\/de\/about\/<\/a><\/p>\n<p>Google Impressum:<span>\u00a0<\/span><a href=\"https:\/\/www.google.ch\/intl\/de\/contact\/impressum.html\" target=\"_blank\" rel=\"noopener\">www.google.ch\/intl\/de\/contact\/impressum.html<\/a><\/p>\n<p>Datenschutzerkl\u00e4rung von Google:<span>\u00a0<\/span><a href=\"https:\/\/www.google.com\/intl\/de\/policies\/privacy\/\" target=\"_blank\" rel=\"noopener\">www.google.com\/intl\/de\/policies\/privacy\/<\/a><\/p>\n<p>&nbsp;<\/p>\n<\/section>\n<section>\n<h2>Haftungsausschluss<\/h2>\n<p>Alle Texte und Links wurden sorgf\u00e4ltig gepr\u00fcft und werden laufend aktualisiert. Wir sind bem\u00fcht, richtige und vollst\u00e4ndige Informationen auf dieser Website bereitzustellen, \u00fcbernehmen aber keinerlei Verantwortung, Garantien oder Haftung daf\u00fcr, dass die durch diese Website bereitgestellten Informationen richtig, vollst\u00e4ndig oder aktuell sind. Wir behalten uns das Recht vor, jederzeit und ohne Vorank\u00fcndigung die Informationen auf dieser Website zu \u00e4ndern und verpflichten uns auch nicht, die enthaltenen Informationen zu aktualisieren.<\/p>\n<p>Alle Links zu externen Anbietern wurden zum Zeitpunkt ihrer Aufnahme auf ihre Richtigkeit \u00fcberpr\u00fcft, dennoch haften wir nicht f\u00fcr Inhalte und Verf\u00fcgbarkeit von Websites, die mittels Hyperlinks zu erreichen sind. F\u00fcr illegale, fehlerhafte oder unvollst\u00e4ndige Inhalte und insbesondere f\u00fcr Sch\u00e4den, die durch Inhalte verkn\u00fcpfter Seiten entstehen, haftet allein der Anbieter der Seite, auf welche verwiesen wurde. Dabei ist es gleichg\u00fcltig, ob der Schaden direkter, indirekter oder finanzieller Natur ist oder ein sonstiger Schaden vorliegt, der sich aus Datenverlust, Nutzungsausfall oder anderen Gr\u00fcnden aller Art ergeben k\u00f6nnte.<\/p>\n<p>Sollten einzelne Regelungen oder Formulierungen dieses Haftungsausschlusses unwirksam sein oder werden, bleiben die \u00fcbrigen Regelungen in ihrem Inhalt und ihrer G\u00fcltigkeit hiervon unber\u00fchrt.<\/p>\n<\/section>\n<p>[\/et_pb_text][\/et_pb_column][\/et_pb_row][\/et_pb_section]<\/p>\n","protected":false},"excerpt":{"rendered":"<p>Datenschutz F\u00fcr die Sicherheit der Daten\u00fcbertragung im Internet k\u00f6nnen wir keine Gew\u00e4hr \u00fcbernehmen. Unsere Sites sind standardm\u00e4ssig mit dem SSL-Verfahren verschl\u00fcsselt. Es besteht hingegen insbesondere bei der \u00dcbertragung von Daten per E-Mail die Gefahr des Zugriffs durch Dritte. Die pers\u00f6nlichen Daten, welche Sie bei einer Kontaktaufnahme auf unserer Website eingeben, werden niemandem ausserhalb der Scientology [&hellip;]<\/p>\n","protected":false},"author":2,"featured_media":0,"parent":0,"menu_order":0,"comment_status":"closed","ping_status":"closed","template":"page-template-blank.php","meta":{"_et_pb_use_builder":"on","_et_pb_old_content":"","_et_gb_content_width":"","footnotes":""},"class_list":["post-222014","page","type-page","status-publish","hentry"],"yoast_head":"<!-- This site is optimized with the Yoast SEO plugin v25.2 - https:\/\/yoast.com\/wordpress\/plugins\/seo\/ -->\n<title>Datenschutz | Die Macht des Unterbewusstseins<\/title>\n<meta name=\"robots\" content=\"index, follow, max-snippet:-1, max-image-preview:large, max-video-preview:-1\" \/>\n<link rel=\"canonical\" href=\"https:\/\/lifebooks.ch\/dev\/datenschutz\/\" \/>\n<meta property=\"og:locale\" content=\"de_DE\" \/>\n<meta property=\"og:type\" content=\"article\" \/>\n<meta property=\"og:title\" content=\"Datenschutz | Die Macht des Unterbewusstseins\" \/>\n<meta property=\"og:description\" content=\"Datenschutz F\u00fcr die Sicherheit der Daten\u00fcbertragung im Internet k\u00f6nnen wir keine Gew\u00e4hr \u00fcbernehmen. Unsere Sites sind standardm\u00e4ssig mit dem SSL-Verfahren verschl\u00fcsselt. Es besteht hingegen insbesondere bei der \u00dcbertragung von Daten per E-Mail die Gefahr des Zugriffs durch Dritte. Die pers\u00f6nlichen Daten, welche Sie bei einer Kontaktaufnahme auf unserer Website eingeben, werden niemandem ausserhalb der Scientology [&hellip;]\" \/>\n<meta property=\"og:url\" content=\"https:\/\/lifebooks.ch\/dev\/datenschutz\/\" \/>\n<meta property=\"og:site_name\" content=\"Die Macht des Unterbewusstseins\" \/>\n<meta property=\"article:publisher\" content=\"https:\/\/www.facebook.com\/scientology.zurich\" \/>\n<meta property=\"article:modified_time\" content=\"2025-05-10T20:38:53+00:00\" \/>\n<meta property=\"og:image\" content=\"https:\/\/lifebooks.ch\/dev\/wp-content\/uploads\/2025\/05\/Screenshot-2025-05-05-154013.jpg\" \/>\n\t<meta property=\"og:image:width\" content=\"1244\" \/>\n\t<meta property=\"og:image:height\" content=\"1249\" \/>\n\t<meta property=\"og:image:type\" content=\"image\/jpeg\" \/>\n<meta name=\"twitter:card\" content=\"summary_large_image\" \/>\n<meta name=\"twitter:label1\" content=\"Gesch\u00e4tzte Lesezeit\" \/>\n\t<meta name=\"twitter:data1\" content=\"4\u00a0Minuten\" \/>\n<script type=\"application\/ld+json\" class=\"yoast-schema-graph\">{\"@context\":\"https:\/\/schema.org\",\"@graph\":[{\"@type\":\"WebPage\",\"@id\":\"https:\/\/lifebooks.ch\/dev\/datenschutz\/\",\"url\":\"https:\/\/lifebooks.ch\/dev\/datenschutz\/\",\"name\":\"Datenschutz | Die Macht des Unterbewusstseins\",\"isPartOf\":{\"@id\":\"https:\/\/lifebooks.ch\/dev\/#website\"},\"datePublished\":\"2025-05-05T19:38:14+00:00\",\"dateModified\":\"2025-05-10T20:38:53+00:00\",\"breadcrumb\":{\"@id\":\"https:\/\/lifebooks.ch\/dev\/datenschutz\/#breadcrumb\"},\"inLanguage\":\"de\",\"potentialAction\":[{\"@type\":\"ReadAction\",\"target\":[\"https:\/\/lifebooks.ch\/dev\/datenschutz\/\"]}]},{\"@type\":\"BreadcrumbList\",\"@id\":\"https:\/\/lifebooks.ch\/dev\/datenschutz\/#breadcrumb\",\"itemListElement\":[{\"@type\":\"ListItem\",\"position\":1,\"name\":\"Startseite\",\"item\":\"https:\/\/lifebooks.ch\/dev\/\"},{\"@type\":\"ListItem\",\"position\":2,\"name\":\"Datenschutz\"}]},{\"@type\":\"WebSite\",\"@id\":\"https:\/\/lifebooks.ch\/dev\/#website\",\"url\":\"https:\/\/lifebooks.ch\/dev\/\",\"name\":\"Die Macht des Unterbewusstseins\",\"description\":\"Vortrag\",\"potentialAction\":[{\"@type\":\"SearchAction\",\"target\":{\"@type\":\"EntryPoint\",\"urlTemplate\":\"https:\/\/lifebooks.ch\/dev\/?s={search_term_string}\"},\"query-input\":{\"@type\":\"PropertyValueSpecification\",\"valueRequired\":true,\"valueName\":\"search_term_string\"}}],\"inLanguage\":\"de\"}]}<\/script>\n<!-- \/ Yoast SEO plugin. -->","yoast_head_json":{"title":"Datenschutz | Die Macht des Unterbewusstseins","robots":{"index":"index","follow":"follow","max-snippet":"max-snippet:-1","max-image-preview":"max-image-preview:large","max-video-preview":"max-video-preview:-1"},"canonical":"https:\/\/lifebooks.ch\/dev\/datenschutz\/","og_locale":"de_DE","og_type":"article","og_title":"Datenschutz | Die Macht des Unterbewusstseins","og_description":"Datenschutz F\u00fcr die Sicherheit der Daten\u00fcbertragung im Internet k\u00f6nnen wir keine Gew\u00e4hr \u00fcbernehmen. Unsere Sites sind standardm\u00e4ssig mit dem SSL-Verfahren verschl\u00fcsselt. Es besteht hingegen insbesondere bei der \u00dcbertragung von Daten per E-Mail die Gefahr des Zugriffs durch Dritte. Die pers\u00f6nlichen Daten, welche Sie bei einer Kontaktaufnahme auf unserer Website eingeben, werden niemandem ausserhalb der Scientology [&hellip;]","og_url":"https:\/\/lifebooks.ch\/dev\/datenschutz\/","og_site_name":"Die Macht des Unterbewusstseins","article_publisher":"https:\/\/www.facebook.com\/scientology.zurich","article_modified_time":"2025-05-10T20:38:53+00:00","og_image":[{"width":1244,"height":1249,"url":"https:\/\/lifebooks.ch\/dev\/wp-content\/uploads\/2025\/05\/Screenshot-2025-05-05-154013.jpg","type":"image\/jpeg"}],"twitter_card":"summary_large_image","twitter_misc":{"Gesch\u00e4tzte Lesezeit":"4\u00a0Minuten"},"schema":{"@context":"https:\/\/schema.org","@graph":[{"@type":"WebPage","@id":"https:\/\/lifebooks.ch\/dev\/datenschutz\/","url":"https:\/\/lifebooks.ch\/dev\/datenschutz\/","name":"Datenschutz | Die Macht des Unterbewusstseins","isPartOf":{"@id":"https:\/\/lifebooks.ch\/dev\/#website"},"datePublished":"2025-05-05T19:38:14+00:00","dateModified":"2025-05-10T20:38:53+00:00","breadcrumb":{"@id":"https:\/\/lifebooks.ch\/dev\/datenschutz\/#breadcrumb"},"inLanguage":"de","potentialAction":[{"@type":"ReadAction","target":["https:\/\/lifebooks.ch\/dev\/datenschutz\/"]}]},{"@type":"BreadcrumbList","@id":"https:\/\/lifebooks.ch\/dev\/datenschutz\/#breadcrumb","itemListElement":[{"@type":"ListItem","position":1,"name":"Startseite","item":"https:\/\/lifebooks.ch\/dev\/"},{"@type":"ListItem","position":2,"name":"Datenschutz"}]},{"@type":"WebSite","@id":"https:\/\/lifebooks.ch\/dev\/#website","url":"https:\/\/lifebooks.ch\/dev\/","name":"Die Macht des Unterbewusstseins","description":"Vortrag","potentialAction":[{"@type":"SearchAction","target":{"@type":"EntryPoint","urlTemplate":"https:\/\/lifebooks.ch\/dev\/?s={search_term_string}"},"query-input":{"@type":"PropertyValueSpecification","valueRequired":true,"valueName":"search_term_string"}}],"inLanguage":"de"}]}},"_links":{"self":[{"href":"https:\/\/lifebooks.ch\/dev\/wp-json\/wp\/v2\/pages\/222014","targetHints":{"allow":["GET"]}}],"collection":[{"href":"https:\/\/lifebooks.ch\/dev\/wp-json\/wp\/v2\/pages"}],"about":[{"href":"https:\/\/lifebooks.ch\/dev\/wp-json\/wp\/v2\/types\/page"}],"author":[{"embeddable":true,"href":"https:\/\/lifebooks.ch\/dev\/wp-json\/wp\/v2\/users\/2"}],"replies":[{"embeddable":true,"href":"https:\/\/lifebooks.ch\/dev\/wp-json\/wp\/v2\/comments?post=222014"}],"version-history":[{"count":4,"href":"https:\/\/lifebooks.ch\/dev\/wp-json\/wp\/v2\/pages\/222014\/revisions"}],"predecessor-version":[{"id":222239,"href":"https:\/\/lifebooks.ch\/dev\/wp-json\/wp\/v2\/pages\/222014\/revisions\/222239"}],"wp:attachment":[{"href":"https:\/\/lifebooks.ch\/dev\/wp-json\/wp\/v2\/media?parent=222014"}],"curies":[{"name":"wp","href":"https:\/\/api.w.org\/{rel}","templated":true}]}}